{"id":1009,"date":"2026-02-26T14:23:48","date_gmt":"2026-02-26T14:23:48","guid":{"rendered":"https:\/\/everjots.com\/?post_type=product&#038;p=1009"},"modified":"2026-03-26T17:23:00","modified_gmt":"2026-03-26T17:23:00","slug":"perforated-notepad-refill","status":"publish","type":"product","link":"https:\/\/everjots.com\/fr\/shop-1\/perforated-notepad-refill\/","title":{"rendered":"Recharge pour un Notepad perfor\u00e9"},"content":{"rendered":"<h2 data-start=\"174\" data-end=\"199\">Notepad perfor\u00e9 d'EVERJOTS<\/h2>\n<p data-start=\"371\" data-end=\"401\">De petite taille, mais d'une grande utilit\u00e9.<br \/>\nCon\u00e7ue pour les pens\u00e9es quotidiennes, les notes rapides et les id\u00e9es en d\u00e9placement, notre Notepad<span style=\"font-size: 16px;\">\u00a0offre une exp\u00e9rience d'\u00e9criture fluide et confortable.<br \/>\n<\/span><span style=\"font-size: 16px;\">Chaque page est perfor\u00e9e, ce qui vous permet de la d\u00e9chirer proprement en cas de besoin \u2013 id\u00e9al pour partager des notes, organiser des t\u00e2ches ou rester minimaliste.<br \/>\n<\/span>L\u00e9ger et r\u00e9sistant, il se glisse facilement dans votre sac, votre poche ou un tiroir de bureau \u2014 et peut \u00eatre utilis\u00e9 avec nos articles comme accessoire suppl\u00e9mentaire.<\/p>\n<hr data-start=\"420\" data-end=\"423\" \/>\n<h3 data-start=\"425\" data-end=\"441\">Caract\u00e9ristiques du produit :<\/h3>\n<ul data-start=\"442\" data-end=\"780\">\n<li><strong data-start=\"447\" data-end=\"458\">Petit format<\/strong><\/li>\n<li data-start=\"442\" data-end=\"484\"><strong>Orientation verticale du papier<\/strong><\/li>\n<li data-start=\"442\" data-end=\"484\"><strong>Pages perfor\u00e9es <\/strong>(facile \u00e0 d\u00e9chirer)<\/li>\n<li data-start=\"442\" data-end=\"484\"><strong data-start=\"490\" data-end=\"502\">100 pages<\/strong> : de papier cr\u00e9meux de 80 g, doux pour les yeux et lisse pour \u00e9crire<\/li>\n<li data-start=\"442\" data-end=\"484\"><strong data-start=\"649\" data-end=\"669\">Papier cr\u00e8me 80 g<\/strong> : lisse,<\/li>\n<li><strong data-start=\"572\" data-end=\"591\">Couverture rigide de 250 g :<\/strong> pour la durabilit\u00e9 et la protection<\/li>\n<li data-start=\"442\" data-end=\"484\"><strong data-start=\"629\" data-end=\"648\">Disposition en grille de points :<\/strong> (Espacement de 6 mm) pour des notes structur\u00e9es ou des id\u00e9es libres<\/li>\n<\/ul>\n<hr data-start=\"782\" data-end=\"785\" \/>\n<h3 data-start=\"787\" data-end=\"804\">\u00a0Variantes<\/h3>\n<ul data-start=\"805\" data-end=\"921\">\n<li><strong data-start=\"807\" data-end=\"826\">Seulement le Notepad<\/strong><\/li>\n<li><strong data-start=\"865\" data-end=\"878\">Ensemble de 3<\/strong><\/li>\n<li data-start=\"863\" data-end=\"921\">\n<p data-start=\"865\" data-end=\"921\"><strong data-start=\"865\" data-end=\"878\">Ensemble de 5<\/strong><\/p>\n<\/li>\n<\/ul>","protected":false},"excerpt":{"rendered":"<p data-start=\"942\" data-end=\"980\">Minimaliste. Pratique. Con\u00e7u avec soin.<br \/>\n<span style=\"font-size: 16px;\">Papier \u00e0 format vertical de haute qualit\u00e9, avec des pages perfor\u00e9es pour faciliter le d\u00e9tachement. \u2014 Id\u00e9al pour partager des notes, organiser ses t\u00e2ches ou adopter un style \u00e9pur\u00e9.<\/span><\/p>\n<p data-start=\"1055\" data-end=\"1181\">","protected":false},"featured_media":1014,"comment_status":"open","ping_status":"closed","template":"","meta":{"site-sidebar-layout":"default","site-content-layout":"","ast-site-content-layout":"default","site-content-style":"default","site-sidebar-style":"default","ast-global-header-display":"","ast-banner-title-visibility":"","ast-main-header-display":"","ast-hfb-above-header-display":"","ast-hfb-below-header-display":"","ast-hfb-mobile-header-display":"","site-post-title":"","ast-breadcrumbs-content":"","ast-featured-img":"","footer-sml-layout":"","ast-disable-related-posts":"","theme-transparent-header-meta":"default","adv-header-id-meta":"","stick-header-meta":"","header-above-stick-meta":"","header-main-stick-meta":"","header-below-stick-meta":"","astra-migrate-meta-layouts":"set","ast-page-background-enabled":"default","ast-page-background-meta":{"desktop":{"background-color":"var(--ast-global-color-4)","background-image":"","background-repeat":"repeat","background-position":"center center","background-size":"auto","background-attachment":"scroll","background-type":"","background-media":"","overlay-type":"","overlay-color":"","overlay-opacity":"","overlay-gradient":""},"tablet":{"background-color":"","background-image":"","background-repeat":"repeat","background-position":"center center","background-size":"auto","background-attachment":"scroll","background-type":"","background-media":"","overlay-type":"","overlay-color":"","overlay-opacity":"","overlay-gradient":""},"mobile":{"background-color":"","background-image":"","background-repeat":"repeat","background-position":"center center","background-size":"auto","background-attachment":"scroll","background-type":"","background-media":"","overlay-type":"","overlay-color":"","overlay-opacity":"","overlay-gradient":""}},"ast-content-background-meta":{"desktop":{"background-color":"var(--ast-global-color-5)","background-image":"","background-repeat":"repeat","background-position":"center center","background-size":"auto","background-attachment":"scroll","background-type":"","background-media":"","overlay-type":"","overlay-color":"","overlay-opacity":"","overlay-gradient":""},"tablet":{"background-color":"var(--ast-global-color-5)","background-image":"","background-repeat":"repeat","background-position":"center center","background-size":"auto","background-attachment":"scroll","background-type":"","background-media":"","overlay-type":"","overlay-color":"","overlay-opacity":"","overlay-gradient":""},"mobile":{"background-color":"var(--ast-global-color-5)","background-image":"","background-repeat":"repeat","background-position":"center center","background-size":"auto","background-attachment":"scroll","background-type":"","background-media":"","overlay-type":"","overlay-color":"","overlay-opacity":"","overlay-gradient":""}}},"product_brand":[],"product_cat":[21],"product_tag":[],"class_list":{"0":"post-1009","1":"product","2":"type-product","3":"status-publish","4":"has-post-thumbnail","6":"product_cat-refill","7":"desktop-align-left","8":"tablet-align-left","9":"mobile-align-left","11":"first","12":"instock","13":"shipping-taxable","14":"purchasable","15":"product-type-variable"},"jetpack_sharing_enabled":true,"_links":{"self":[{"href":"https:\/\/everjots.com\/fr\/wp-json\/wp\/v2\/product\/1009","targetHints":{"allow":["GET"]}}],"collection":[{"href":"https:\/\/everjots.com\/fr\/wp-json\/wp\/v2\/product"}],"about":[{"href":"https:\/\/everjots.com\/fr\/wp-json\/wp\/v2\/types\/product"}],"replies":[{"embeddable":true,"href":"https:\/\/everjots.com\/fr\/wp-json\/wp\/v2\/comments?post=1009"}],"wp:featuredmedia":[{"embeddable":true,"href":"https:\/\/everjots.com\/fr\/wp-json\/wp\/v2\/media\/1014"}],"wp:attachment":[{"href":"https:\/\/everjots.com\/fr\/wp-json\/wp\/v2\/media?parent=1009"}],"wp:term":[{"taxonomy":"product_brand","embeddable":true,"href":"https:\/\/everjots.com\/fr\/wp-json\/wp\/v2\/product_brand?post=1009"},{"taxonomy":"product_cat","embeddable":true,"href":"https:\/\/everjots.com\/fr\/wp-json\/wp\/v2\/product_cat?post=1009"},{"taxonomy":"product_tag","embeddable":true,"href":"https:\/\/everjots.com\/fr\/wp-json\/wp\/v2\/product_tag?post=1009"}],"curies":[{"name":"wp","href":"https:\/\/api.w.org\/{rel}","templated":true}]}}