{"id":1021,"date":"2026-02-27T11:40:00","date_gmt":"2026-02-27T11:40:00","guid":{"rendered":"https:\/\/everjots.com\/?post_type=product&#038;p=1021"},"modified":"2026-04-11T13:23:50","modified_gmt":"2026-04-11T13:23:50","slug":"idrak-leather-perforated-notepad-cover","status":"publish","type":"product","link":"https:\/\/everjots.com\/fr\/shop-1\/idrak-leather-perforated-notepad-cover\/","title":{"rendered":"IDRAK \u2013 Couverture d'un notepad perfor\u00e9 en cuir"},"content":{"rendered":"<p data-start=\"174\" data-end=\"526\"><strong data-start=\"174\" data-end=\"212\">IDRAK \u2013 Couverture d'un notepad perfor\u00e9 en cuir<\/strong><\/p>\n<p data-start=\"1249\" data-end=\"1283\">De petite taille, mais d'une forte pr\u00e9sence.<br \/>\nFabriqu\u00e9 avec du cuir de haute qualit\u00e9, <b>IDRAK <\/b>transforme ce notepad perfor\u00e9 en un compagnon d'\u00e9criture raffin\u00e9, qui pr\u00e9serve vos id\u00e9es tout en se patinant avec \u00e9l\u00e9gance au fil du temps.<br \/>\nCon\u00e7u sp\u00e9cialement pour accueillir notre recharge de bloc-notes perfor\u00e9 vertical de 100 pages, <b>IDRAK <\/b>offre structure, r\u00e9sistance et un style intemporel, que ce soit pour travailler, planifier ou noter des id\u00e9es lors de vos r\u00e9unions ou d\u00e9placements.<\/p>\n<hr data-start=\"528\" data-end=\"531\" \/>\n<h3 data-start=\"533\" data-end=\"581\"><strong data-start=\"540\" data-end=\"579\">Caract\u00e9ristiques du produit :\u00a0<\/strong><\/h3>\n<ul>\n<li>couverture en cuir faite \u00e0 la main<\/li>\n<li>Con\u00e7u pour s'adapter au notepad perfor\u00e9 EverJots (100 pages)<\/li>\n<li>Rechargeable<\/li>\n<li>Peut \u00eatre utilis\u00e9 comme accessoire avec nos couverture comme Dewan et Bayan..etc<\/li>\n<li>Structure durable pour une utilisation quotidienne<\/li>\n<li>Le cuir vieillit magnifiquement avec le temps<\/li>\n<li>Mince et l\u00e9ger<\/li>\n<\/ul>","protected":false},"excerpt":{"rendered":"<p data-start=\"1249\" data-end=\"1283\">D\u00e9couvrez <strong data-start=\"1320\" data-end=\"1329\">IDRAK,<\/strong> Il transforme le notepad perfor\u00e9 en un \u00e9l\u00e9gant compagnon d'\u00e9criture \u2013 Con\u00e7u sp\u00e9cialement pour accueillir notre recharge de notepad  perfor\u00e9 vertical de 100 pages,<\/p>","protected":false},"featured_media":1054,"comment_status":"open","ping_status":"closed","template":"","meta":{"site-sidebar-layout":"default","site-content-layout":"","ast-site-content-layout":"default","site-content-style":"default","site-sidebar-style":"default","ast-global-header-display":"","ast-banner-title-visibility":"","ast-main-header-display":"","ast-hfb-above-header-display":"","ast-hfb-below-header-display":"","ast-hfb-mobile-header-display":"","site-post-title":"","ast-breadcrumbs-content":"","ast-featured-img":"","footer-sml-layout":"","ast-disable-related-posts":"","theme-transparent-header-meta":"default","adv-header-id-meta":"","stick-header-meta":"","header-above-stick-meta":"","header-main-stick-meta":"","header-below-stick-meta":"","astra-migrate-meta-layouts":"set","ast-page-background-enabled":"default","ast-page-background-meta":{"desktop":{"background-color":"var(--ast-global-color-4)","background-image":"","background-repeat":"repeat","background-position":"center center","background-size":"auto","background-attachment":"scroll","background-type":"","background-media":"","overlay-type":"","overlay-color":"","overlay-opacity":"","overlay-gradient":""},"tablet":{"background-color":"","background-image":"","background-repeat":"repeat","background-position":"center center","background-size":"auto","background-attachment":"scroll","background-type":"","background-media":"","overlay-type":"","overlay-color":"","overlay-opacity":"","overlay-gradient":""},"mobile":{"background-color":"","background-image":"","background-repeat":"repeat","background-position":"center center","background-size":"auto","background-attachment":"scroll","background-type":"","background-media":"","overlay-type":"","overlay-color":"","overlay-opacity":"","overlay-gradient":""}},"ast-content-background-meta":{"desktop":{"background-color":"var(--ast-global-color-5)","background-image":"","background-repeat":"repeat","background-position":"center center","background-size":"auto","background-attachment":"scroll","background-type":"","background-media":"","overlay-type":"","overlay-color":"","overlay-opacity":"","overlay-gradient":""},"tablet":{"background-color":"var(--ast-global-color-5)","background-image":"","background-repeat":"repeat","background-position":"center center","background-size":"auto","background-attachment":"scroll","background-type":"","background-media":"","overlay-type":"","overlay-color":"","overlay-opacity":"","overlay-gradient":""},"mobile":{"background-color":"var(--ast-global-color-5)","background-image":"","background-repeat":"repeat","background-position":"center center","background-size":"auto","background-attachment":"scroll","background-type":"","background-media":"","overlay-type":"","overlay-color":"","overlay-opacity":"","overlay-gradient":""}}},"product_brand":[],"product_cat":[19],"product_tag":[],"class_list":{"0":"post-1021","1":"product","2":"type-product","3":"status-publish","4":"has-post-thumbnail","6":"product_cat-leather-covers","7":"desktop-align-left","8":"tablet-align-left","9":"mobile-align-left","11":"first","12":"instock","13":"shipping-taxable","14":"purchasable","15":"product-type-variable"},"jetpack_sharing_enabled":true,"_links":{"self":[{"href":"https:\/\/everjots.com\/fr\/wp-json\/wp\/v2\/product\/1021","targetHints":{"allow":["GET"]}}],"collection":[{"href":"https:\/\/everjots.com\/fr\/wp-json\/wp\/v2\/product"}],"about":[{"href":"https:\/\/everjots.com\/fr\/wp-json\/wp\/v2\/types\/product"}],"replies":[{"embeddable":true,"href":"https:\/\/everjots.com\/fr\/wp-json\/wp\/v2\/comments?post=1021"}],"wp:featuredmedia":[{"embeddable":true,"href":"https:\/\/everjots.com\/fr\/wp-json\/wp\/v2\/media\/1054"}],"wp:attachment":[{"href":"https:\/\/everjots.com\/fr\/wp-json\/wp\/v2\/media?parent=1021"}],"wp:term":[{"taxonomy":"product_brand","embeddable":true,"href":"https:\/\/everjots.com\/fr\/wp-json\/wp\/v2\/product_brand?post=1021"},{"taxonomy":"product_cat","embeddable":true,"href":"https:\/\/everjots.com\/fr\/wp-json\/wp\/v2\/product_cat?post=1021"},{"taxonomy":"product_tag","embeddable":true,"href":"https:\/\/everjots.com\/fr\/wp-json\/wp\/v2\/product_tag?post=1021"}],"curies":[{"name":"wp","href":"https:\/\/api.w.org\/{rel}","templated":true}]}}