{"id":1057,"date":"2026-02-27T14:08:00","date_gmt":"2026-02-27T14:08:00","guid":{"rendered":"https:\/\/everjots.com\/?post_type=product&#038;p=1057"},"modified":"2026-03-26T17:40:00","modified_gmt":"2026-03-26T17:40:00","slug":"leather-pen-holder","status":"publish","type":"product","link":"https:\/\/everjots.com\/fr\/shop-1\/leather-pen-holder\/","title":{"rendered":"Porte-stylo en cuir"},"content":{"rendered":"<h3 data-start=\"97\" data-end=\"129\">Porte-stylo en cuir d'EVERJOTS<\/h3>\n<p data-start=\"130\" data-end=\"174\"><strong data-start=\"130\" data-end=\"174\">Minimaliste. Pratique. Toujours \u00e0 port\u00e9e de main.<br \/>\n<\/strong>Un petit d\u00e9tail qui fait toute la diff\u00e9rence.<br \/>\nNotre porte-stylo en cuir est con\u00e7u pour garder votre stylo exactement \u00e0 sa place \u2014 fix\u00e9 \u00e0 la couverture de votre carnet et pr\u00eat \u00e0 l'emploi d\u00e8s que l'inspiration vous frappe.<\/p>\n<p data-start=\"373\" data-end=\"638\">Fabriqu\u00e9 en cuir de haute qualit\u00e9, il se fixe de mani\u00e8re s\u00e9curis\u00e9e \u00e0 votre \u00e9tui et se marie parfaitement avec nos autres articles EverJots, tels que <strong data-start=\"495\" data-end=\"522\">Dewan, Bayan, or Noubda<\/strong>\u2026etc. Que vous pr\u00e9f\u00e9riez emporter un ou deux stylos, cet accessoire vous permet de ranger vos outils d'\u00e9criture sans encombrement.<\/p>\n<p data-start=\"640\" data-end=\"746\">L\u00e9ger, r\u00e9sistant et con\u00e7u avec soin : c'est le compl\u00e9ment fonctionnel id\u00e9al \u00e0 votre \u00e9quipement quotidien.<\/p>\n<hr data-start=\"748\" data-end=\"751\" \/>\n<h3 data-start=\"753\" data-end=\"772\">Caract\u00e9ristiques du produit :<\/h3>\n<ul data-start=\"773\" data-end=\"1017\">\n<li>Compatible avec les couvertures Dewan, Bayan, Noubda..etc.<\/li>\n<li>Fixation par clip s\u00e9curis\u00e9e<\/li>\n<li>Conception fine et l\u00e9g\u00e8re<\/li>\n<li>Disponible en plusieurs couleurs<\/li>\n<li>Deux variantes :\n<ul data-start=\"773\" data-end=\"1017\">\n<li>Porte-stylo simple<\/li>\n<li>Porte-stylo double<\/li>\n<\/ul>\n<\/li>\n<\/ul>","protected":false},"excerpt":{"rendered":"<p data-start=\"97\" data-end=\"129\">Notre <strong>Porte-stylo en cuir<\/strong> se fixe de mani\u00e8re s\u00e9curis\u00e9e \u00e0 votre couverture et s'int\u00e8gre parfaitement \u00e0 vos articles EverJots, comme <strong data-start=\"495\" data-end=\"522\">Dewan, Bayan, or Noubda\u2026etc.<\/strong>\u00a0Que vous pr\u00e9f\u00e9riez emporter un ou deux stylos, cet accessoire vous permet de garder vos instruments d'\u00e9criture bien rang\u00e9s sans les encombrer.<\/p>","protected":false},"featured_media":1094,"comment_status":"open","ping_status":"closed","template":"","meta":{"site-sidebar-layout":"default","site-content-layout":"","ast-site-content-layout":"default","site-content-style":"default","site-sidebar-style":"default","ast-global-header-display":"","ast-banner-title-visibility":"","ast-main-header-display":"","ast-hfb-above-header-display":"","ast-hfb-below-header-display":"","ast-hfb-mobile-header-display":"","site-post-title":"","ast-breadcrumbs-content":"","ast-featured-img":"","footer-sml-layout":"","ast-disable-related-posts":"","theme-transparent-header-meta":"default","adv-header-id-meta":"","stick-header-meta":"","header-above-stick-meta":"","header-main-stick-meta":"","header-below-stick-meta":"","astra-migrate-meta-layouts":"set","ast-page-background-enabled":"default","ast-page-background-meta":{"desktop":{"background-color":"var(--ast-global-color-4)","background-image":"","background-repeat":"repeat","background-position":"center center","background-size":"auto","background-attachment":"scroll","background-type":"","background-media":"","overlay-type":"","overlay-color":"","overlay-opacity":"","overlay-gradient":""},"tablet":{"background-color":"","background-image":"","background-repeat":"repeat","background-position":"center center","background-size":"auto","background-attachment":"scroll","background-type":"","background-media":"","overlay-type":"","overlay-color":"","overlay-opacity":"","overlay-gradient":""},"mobile":{"background-color":"","background-image":"","background-repeat":"repeat","background-position":"center center","background-size":"auto","background-attachment":"scroll","background-type":"","background-media":"","overlay-type":"","overlay-color":"","overlay-opacity":"","overlay-gradient":""}},"ast-content-background-meta":{"desktop":{"background-color":"var(--ast-global-color-5)","background-image":"","background-repeat":"repeat","background-position":"center center","background-size":"auto","background-attachment":"scroll","background-type":"","background-media":"","overlay-type":"","overlay-color":"","overlay-opacity":"","overlay-gradient":""},"tablet":{"background-color":"var(--ast-global-color-5)","background-image":"","background-repeat":"repeat","background-position":"center center","background-size":"auto","background-attachment":"scroll","background-type":"","background-media":"","overlay-type":"","overlay-color":"","overlay-opacity":"","overlay-gradient":""},"mobile":{"background-color":"var(--ast-global-color-5)","background-image":"","background-repeat":"repeat","background-position":"center center","background-size":"auto","background-attachment":"scroll","background-type":"","background-media":"","overlay-type":"","overlay-color":"","overlay-opacity":"","overlay-gradient":""}}},"product_brand":[],"product_cat":[22],"product_tag":[],"class_list":{"0":"post-1057","1":"product","2":"type-product","3":"status-publish","4":"has-post-thumbnail","6":"product_cat-accessories","7":"desktop-align-left","8":"tablet-align-left","9":"mobile-align-left","11":"first","12":"instock","13":"shipping-taxable","14":"purchasable","15":"product-type-variable"},"jetpack_sharing_enabled":true,"_links":{"self":[{"href":"https:\/\/everjots.com\/fr\/wp-json\/wp\/v2\/product\/1057","targetHints":{"allow":["GET"]}}],"collection":[{"href":"https:\/\/everjots.com\/fr\/wp-json\/wp\/v2\/product"}],"about":[{"href":"https:\/\/everjots.com\/fr\/wp-json\/wp\/v2\/types\/product"}],"replies":[{"embeddable":true,"href":"https:\/\/everjots.com\/fr\/wp-json\/wp\/v2\/comments?post=1057"}],"wp:featuredmedia":[{"embeddable":true,"href":"https:\/\/everjots.com\/fr\/wp-json\/wp\/v2\/media\/1094"}],"wp:attachment":[{"href":"https:\/\/everjots.com\/fr\/wp-json\/wp\/v2\/media?parent=1057"}],"wp:term":[{"taxonomy":"product_brand","embeddable":true,"href":"https:\/\/everjots.com\/fr\/wp-json\/wp\/v2\/product_brand?post=1057"},{"taxonomy":"product_cat","embeddable":true,"href":"https:\/\/everjots.com\/fr\/wp-json\/wp\/v2\/product_cat?post=1057"},{"taxonomy":"product_tag","embeddable":true,"href":"https:\/\/everjots.com\/fr\/wp-json\/wp\/v2\/product_tag?post=1057"}],"curies":[{"name":"wp","href":"https:\/\/api.w.org\/{rel}","templated":true}]}}