{"id":394,"date":"2025-06-26T13:37:24","date_gmt":"2025-06-26T13:37:24","guid":{"rendered":"https:\/\/everjots.com\/?post_type=product&#038;p=394"},"modified":"2025-12-01T09:42:17","modified_gmt":"2025-12-01T09:42:17","slug":"noubda-mini-leather-notebook-cover","status":"publish","type":"product","link":"https:\/\/everjots.com\/fr\/shop-1\/noubda-mini-leather-notebook-cover\/","title":{"rendered":"NOUBDA - Couverture de mini-carnet en cuir"},"content":{"rendered":"<p data-start=\"174\" data-end=\"526\"><strong data-start=\"174\" data-end=\"212\">NOUBDA - Couverture de mini-carnet en cuir<\/strong><br data-start=\"212\" data-end=\"215\" \/>Con\u00e7ue pour \u00eatre simple et facile \u00e0 utiliser au quotidien, NOUBDA est une couverture minimaliste en cuir, pens\u00e9e pour accueillir vos pens\u00e9es avec une \u00e9l\u00e9gance discr\u00e8te. Fabriqu\u00e9e \u00e0 la main pour contenir jusqu\u2019\u00e0 deux carnets ou personnalisable pour en accueillir davantage, elle sera votre nouvelle alli\u00e9e pour tenir un journal intime, \u00e9tudier ou r\u00e9unions\u2014 avec des rubans de couleur personnalisables pour y apporter votre touche personnelle.<\/p>\n<hr data-start=\"528\" data-end=\"531\" \/>\n<h3 data-start=\"533\" data-end=\"581\"><strong data-start=\"540\" data-end=\"579\">Caract\u00e9ristiques du produit :\u00a0<\/strong><\/h3>\n<ul>\n<li><strong data-start=\"584\" data-end=\"605\">Dimensions de la couverture :<\/strong> 13.5 x 10 cm<\/li>\n<li><strong data-start=\"624\" data-end=\"652\">Format du carnet :<\/strong> 12.5 x 9 cm<\/li>\n<li data-start=\"676\" data-end=\"720\"><strong data-start=\"676\" data-end=\"689\">Capacit\u00e9:<\/strong> Peut contenir 2 carnets (avec possibilit\u00e9 d'en ajouter d'autres)<\/li>\n<li data-start=\"676\" data-end=\"720\"><strong data-start=\"723\" data-end=\"737\">Polyvalent :<\/strong> Peut \u00e9galement contenir un passeport<\/li>\n<li data-start=\"767\" data-end=\"817\"><strong data-start=\"767\" data-end=\"787\">Personalisation:<\/strong> Options de personnalisation des couleurs du ruban<\/li>\n<li><strong data-start=\"796\" data-end=\"809\">Mat\u00e9riaux:<\/strong> Cuir et ruban de haute qualit\u00e9<\/li>\n<\/ul>\n<p>&nbsp;<\/p>\n<p>&nbsp;<\/p>\n<p>&nbsp;<\/p>\n<p>&nbsp;<\/p>","protected":false},"excerpt":{"rendered":"<p>D\u00e9couvrez <strong data-start=\"214\" data-end=\"224\">NOUBDA<\/strong> \u2014 Un mod\u00e8le soigneusement con\u00e7u et r\u00e9alis\u00e9 \u00e0 la main, cette <strong data-start=\"332\" data-end=\"363\">Couverture de mini-carnet en cuir<\/strong> allie simplicit\u00e9 et caract\u00e8re. Assez compact pour tenir dans votre poche, et suffisamment raffin\u00e9 pour trouver sa place sur votre bureau<\/p>","protected":false},"featured_media":745,"comment_status":"open","ping_status":"closed","template":"","meta":{"site-sidebar-layout":"default","site-content-layout":"","ast-site-content-layout":"default","site-content-style":"default","site-sidebar-style":"default","ast-global-header-display":"","ast-banner-title-visibility":"","ast-main-header-display":"","ast-hfb-above-header-display":"","ast-hfb-below-header-display":"","ast-hfb-mobile-header-display":"","site-post-title":"","ast-breadcrumbs-content":"","ast-featured-img":"","footer-sml-layout":"","ast-disable-related-posts":"","theme-transparent-header-meta":"default","adv-header-id-meta":"","stick-header-meta":"","header-above-stick-meta":"","header-main-stick-meta":"","header-below-stick-meta":"","astra-migrate-meta-layouts":"set","ast-page-background-enabled":"default","ast-page-background-meta":{"desktop":{"background-color":"var(--ast-global-color-4)","background-image":"","background-repeat":"repeat","background-position":"center center","background-size":"auto","background-attachment":"scroll","background-type":"","background-media":"","overlay-type":"","overlay-color":"","overlay-opacity":"","overlay-gradient":""},"tablet":{"background-color":"","background-image":"","background-repeat":"repeat","background-position":"center center","background-size":"auto","background-attachment":"scroll","background-type":"","background-media":"","overlay-type":"","overlay-color":"","overlay-opacity":"","overlay-gradient":""},"mobile":{"background-color":"","background-image":"","background-repeat":"repeat","background-position":"center center","background-size":"auto","background-attachment":"scroll","background-type":"","background-media":"","overlay-type":"","overlay-color":"","overlay-opacity":"","overlay-gradient":""}},"ast-content-background-meta":{"desktop":{"background-color":"var(--ast-global-color-5)","background-image":"","background-repeat":"repeat","background-position":"center center","background-size":"auto","background-attachment":"scroll","background-type":"","background-media":"","overlay-type":"","overlay-color":"","overlay-opacity":"","overlay-gradient":""},"tablet":{"background-color":"var(--ast-global-color-5)","background-image":"","background-repeat":"repeat","background-position":"center center","background-size":"auto","background-attachment":"scroll","background-type":"","background-media":"","overlay-type":"","overlay-color":"","overlay-opacity":"","overlay-gradient":""},"mobile":{"background-color":"var(--ast-global-color-5)","background-image":"","background-repeat":"repeat","background-position":"center center","background-size":"auto","background-attachment":"scroll","background-type":"","background-media":"","overlay-type":"","overlay-color":"","overlay-opacity":"","overlay-gradient":""}}},"product_brand":[],"product_cat":[19],"product_tag":[],"class_list":{"0":"post-394","1":"product","2":"type-product","3":"status-publish","4":"has-post-thumbnail","6":"product_cat-leather-covers","7":"desktop-align-left","8":"tablet-align-left","9":"mobile-align-left","11":"first","12":"instock","13":"shipping-taxable","14":"purchasable","15":"product-type-variable"},"jetpack_sharing_enabled":true,"_links":{"self":[{"href":"https:\/\/everjots.com\/fr\/wp-json\/wp\/v2\/product\/394","targetHints":{"allow":["GET"]}}],"collection":[{"href":"https:\/\/everjots.com\/fr\/wp-json\/wp\/v2\/product"}],"about":[{"href":"https:\/\/everjots.com\/fr\/wp-json\/wp\/v2\/types\/product"}],"replies":[{"embeddable":true,"href":"https:\/\/everjots.com\/fr\/wp-json\/wp\/v2\/comments?post=394"}],"wp:featuredmedia":[{"embeddable":true,"href":"https:\/\/everjots.com\/fr\/wp-json\/wp\/v2\/media\/745"}],"wp:attachment":[{"href":"https:\/\/everjots.com\/fr\/wp-json\/wp\/v2\/media?parent=394"}],"wp:term":[{"taxonomy":"product_brand","embeddable":true,"href":"https:\/\/everjots.com\/fr\/wp-json\/wp\/v2\/product_brand?post=394"},{"taxonomy":"product_cat","embeddable":true,"href":"https:\/\/everjots.com\/fr\/wp-json\/wp\/v2\/product_cat?post=394"},{"taxonomy":"product_tag","embeddable":true,"href":"https:\/\/everjots.com\/fr\/wp-json\/wp\/v2\/product_tag?post=394"}],"curies":[{"name":"wp","href":"https:\/\/api.w.org\/{rel}","templated":true}]}}