{"id":398,"date":"2025-06-26T13:40:23","date_gmt":"2025-06-26T13:40:23","guid":{"rendered":"https:\/\/everjots.com\/?post_type=product&#038;p=398"},"modified":"2026-04-11T13:24:15","modified_gmt":"2026-04-11T13:24:15","slug":"safar-mini-leather-notebook-cover-with-pockets","status":"publish","type":"product","link":"https:\/\/everjots.com\/fr\/shop-1\/safar-mini-leather-notebook-cover-with-pockets\/","title":{"rendered":"SAFAR \u2013 Couverture de mini-carnet en cuir avec poches"},"content":{"rendered":"<p data-start=\"194\" data-end=\"586\"><strong data-start=\"194\" data-end=\"245\">SAFAR \u2013 Couverture de mini-carnet en cuir avec poches<\/strong><br data-start=\"245\" data-end=\"248\" \/>Safar est une couverture en cuir fonctionnelle de format Mini, con\u00e7ue pour offrir bien plus. Elle est dot\u00e9e d'un compartiment d\u00e9di\u00e9 aux cartes et d'une large fente pour ranger en toute s\u00e9curit\u00e9 votre billet d'embarquement ou des documents pli\u00e9s, tout en vous permettant de transporter vos carnets de notes ou votre passeport avec \u00e9l\u00e9gance. Id\u00e9ale pour ceux qui aiment \u00e9crire lors de leurs d\u00e9placements et qui appr\u00e9cient un savoir-faire soign\u00e9.<\/p>\n<hr data-start=\"588\" data-end=\"591\" \/>\n<h3 data-start=\"593\" data-end=\"619\"><strong data-start=\"600\" data-end=\"617\">Caract\u00e9ristiques du produit :<\/strong><\/h3>\n<ul>\n<li><strong data-start=\"584\" data-end=\"605\">Dimensions de la couverture :<\/strong> 12.5 x 8.6 cm<\/li>\n<li><strong style=\"font-size: 16px;\" data-start=\"622\" data-end=\"650\">Format du carnet : <\/strong><span style=\"font-size: 16px;\">12.5 x 8.6 cm<\/span><\/li>\n<li><strong data-start=\"674\" data-end=\"686\">stockage :<\/strong> card pocket + wide slot (fits a boarding pass or folded paper)<\/li>\n<li><strong data-start=\"723\" data-end=\"737\">Polyvalent :<\/strong> Peut \u00e9galement contenir un passeport<\/li>\n<li><strong data-start=\"758\" data-end=\"771\">Capacit\u00e9:<\/strong> Peut contenir 2 carnets (avec possibilit\u00e9 d'en ajouter d'autres)<\/li>\n<li><strong style=\"font-size: 16px;\" data-start=\"796\" data-end=\"809\">Mat\u00e9riaux:<\/strong><span style=\"font-size: 16px;\"> \u00a0Cuir, papier et Ruban de haute qualit\u00e9<\/span><\/li>\n<li><strong data-start=\"767\" data-end=\"787\">Personalisation:<\/strong> Options de personnalisation des couleurs du ruban<\/li>\n<\/ul>","protected":false},"excerpt":{"rendered":"<p><b><i>Safar <\/i><\/b><i>est un mini \u00e9tui en cuir compact, con\u00e7u pour les d\u00e9placements. Il comprend une poche pour cartes, un large compartiment pour documents de voyage et un emplacement pour un<\/i><i>Passeport et carnets : cet accessoire raffin\u00e9 vous permet de ranger vos objets indispensables en un seul et m\u00eame endroit.<\/i><\/p>\n<p>&nbsp;<\/p>","protected":false},"featured_media":969,"comment_status":"open","ping_status":"closed","template":"","meta":{"site-sidebar-layout":"default","site-content-layout":"","ast-site-content-layout":"default","site-content-style":"default","site-sidebar-style":"default","ast-global-header-display":"","ast-banner-title-visibility":"","ast-main-header-display":"","ast-hfb-above-header-display":"","ast-hfb-below-header-display":"","ast-hfb-mobile-header-display":"","site-post-title":"","ast-breadcrumbs-content":"","ast-featured-img":"","footer-sml-layout":"","ast-disable-related-posts":"","theme-transparent-header-meta":"default","adv-header-id-meta":"","stick-header-meta":"","header-above-stick-meta":"","header-main-stick-meta":"","header-below-stick-meta":"","astra-migrate-meta-layouts":"set","ast-page-background-enabled":"default","ast-page-background-meta":{"desktop":{"background-color":"var(--ast-global-color-4)","background-image":"","background-repeat":"repeat","background-position":"center center","background-size":"auto","background-attachment":"scroll","background-type":"","background-media":"","overlay-type":"","overlay-color":"","overlay-opacity":"","overlay-gradient":""},"tablet":{"background-color":"","background-image":"","background-repeat":"repeat","background-position":"center center","background-size":"auto","background-attachment":"scroll","background-type":"","background-media":"","overlay-type":"","overlay-color":"","overlay-opacity":"","overlay-gradient":""},"mobile":{"background-color":"","background-image":"","background-repeat":"repeat","background-position":"center center","background-size":"auto","background-attachment":"scroll","background-type":"","background-media":"","overlay-type":"","overlay-color":"","overlay-opacity":"","overlay-gradient":""}},"ast-content-background-meta":{"desktop":{"background-color":"var(--ast-global-color-5)","background-image":"","background-repeat":"repeat","background-position":"center center","background-size":"auto","background-attachment":"scroll","background-type":"","background-media":"","overlay-type":"","overlay-color":"","overlay-opacity":"","overlay-gradient":""},"tablet":{"background-color":"var(--ast-global-color-5)","background-image":"","background-repeat":"repeat","background-position":"center center","background-size":"auto","background-attachment":"scroll","background-type":"","background-media":"","overlay-type":"","overlay-color":"","overlay-opacity":"","overlay-gradient":""},"mobile":{"background-color":"var(--ast-global-color-5)","background-image":"","background-repeat":"repeat","background-position":"center center","background-size":"auto","background-attachment":"scroll","background-type":"","background-media":"","overlay-type":"","overlay-color":"","overlay-opacity":"","overlay-gradient":""}}},"product_brand":[],"product_cat":[19],"product_tag":[],"class_list":{"0":"post-398","1":"product","2":"type-product","3":"status-publish","4":"has-post-thumbnail","6":"product_cat-leather-covers","7":"desktop-align-left","8":"tablet-align-left","9":"mobile-align-left","11":"first","12":"instock","13":"shipping-taxable","14":"purchasable","15":"product-type-variable"},"jetpack_sharing_enabled":true,"_links":{"self":[{"href":"https:\/\/everjots.com\/fr\/wp-json\/wp\/v2\/product\/398","targetHints":{"allow":["GET"]}}],"collection":[{"href":"https:\/\/everjots.com\/fr\/wp-json\/wp\/v2\/product"}],"about":[{"href":"https:\/\/everjots.com\/fr\/wp-json\/wp\/v2\/types\/product"}],"replies":[{"embeddable":true,"href":"https:\/\/everjots.com\/fr\/wp-json\/wp\/v2\/comments?post=398"}],"wp:featuredmedia":[{"embeddable":true,"href":"https:\/\/everjots.com\/fr\/wp-json\/wp\/v2\/media\/969"}],"wp:attachment":[{"href":"https:\/\/everjots.com\/fr\/wp-json\/wp\/v2\/media?parent=398"}],"wp:term":[{"taxonomy":"product_brand","embeddable":true,"href":"https:\/\/everjots.com\/fr\/wp-json\/wp\/v2\/product_brand?post=398"},{"taxonomy":"product_cat","embeddable":true,"href":"https:\/\/everjots.com\/fr\/wp-json\/wp\/v2\/product_cat?post=398"},{"taxonomy":"product_tag","embeddable":true,"href":"https:\/\/everjots.com\/fr\/wp-json\/wp\/v2\/product_tag?post=398"}],"curies":[{"name":"wp","href":"https:\/\/api.w.org\/{rel}","templated":true}]}}