{"id":601,"date":"2025-08-20T16:27:31","date_gmt":"2025-08-20T16:27:31","guid":{"rendered":"https:\/\/everjots.com\/?post_type=product&#038;p=601"},"modified":"2026-03-24T13:46:39","modified_gmt":"2026-03-24T13:46:39","slug":"bayan-a5-leather-notebook-cover","status":"publish","type":"product","link":"https:\/\/everjots.com\/fr\/shop-1\/bayan-a5-leather-notebook-cover\/","title":{"rendered":"BAYAN - Couverture de carnet A5 en cuir"},"content":{"rendered":"<p data-start=\"174\" data-end=\"526\"><strong data-start=\"174\" data-end=\"212\">BAYAN - Couverture de carnet A5 en cuir<\/strong><br data-start=\"212\" data-end=\"215\" \/>Con\u00e7u pour la simplicit\u00e9 et un usage quotidien, BAYAN<i>\u00a0<\/i>est une couverture en cuir minimaliste au format A5, con\u00e7ue pour accueillir vos pens\u00e9es avec une \u00e9l\u00e9gance discr\u00e8te. Fabriqu\u00e9e \u00e0 la main pour contenir deux carnets ou personnalis\u00e9e pour en accueillir davantage. Votre nouveau compagnon pour tenir un journal, \u00e9tudier ou voyager \u2014 avec des rubans de couleur personnalisables pour apporter votre touche personnelle.<\/p>\n<hr data-start=\"528\" data-end=\"531\" \/>\n<h3 data-start=\"533\" data-end=\"581\"><strong data-start=\"540\" data-end=\"579\">Caract\u00e9ristiques du produit :\u00a0<\/strong><\/h3>\n<ul>\n<li><strong data-start=\"584\" data-end=\"605\">Dimensions de la couverture :<\/strong> 22 x 17 cm<\/li>\n<li><strong data-start=\"624\" data-end=\"652\">Dimensions du carnet:<\/strong> x 15 cm (A5)<\/li>\n<li data-start=\"676\" data-end=\"720\"><strong data-start=\"676\" data-end=\"689\">Capacit\u00e9:<\/strong> Peut contenir 2 carnets (avec possibilit\u00e9 d'en ajouter d'autres)<\/li>\n<li data-start=\"767\" data-end=\"817\"><strong data-start=\"767\" data-end=\"787\">Personalisation:<\/strong> Options de personnalisation des couleurs du ruban<\/li>\n<li><strong data-start=\"796\" data-end=\"809\">Mat\u00e9riaux:<\/strong> Cuir et ruban de haute qualit\u00e9<\/li>\n<\/ul>\n<p>&nbsp;<\/p>\n<p>&nbsp;<\/p>","protected":false},"excerpt":{"rendered":"<p><strong data-start=\"414\" data-end=\"423\">BAYAN<\/strong> \u2013 Une couverture en cuir A5, con\u00e7ue pour un usage quotidien. Fabriqu\u00e9e \u00e0 la main avec des mat\u00e9riaux haut de gamme, elle abrite jusqu'\u00e0 deux carnets (extensible) et met vos id\u00e9es \u00e0 l'abri avec style. Id\u00e9al pour le bureau, r\u00e9unions, l'\u00e9tude ou vos d\u00e9placements.<\/p>","protected":false},"featured_media":735,"comment_status":"open","ping_status":"closed","template":"","meta":{"site-sidebar-layout":"default","site-content-layout":"","ast-site-content-layout":"default","site-content-style":"default","site-sidebar-style":"default","ast-global-header-display":"","ast-banner-title-visibility":"","ast-main-header-display":"","ast-hfb-above-header-display":"","ast-hfb-below-header-display":"","ast-hfb-mobile-header-display":"","site-post-title":"","ast-breadcrumbs-content":"","ast-featured-img":"","footer-sml-layout":"","ast-disable-related-posts":"","theme-transparent-header-meta":"default","adv-header-id-meta":"","stick-header-meta":"","header-above-stick-meta":"","header-main-stick-meta":"","header-below-stick-meta":"","astra-migrate-meta-layouts":"set","ast-page-background-enabled":"default","ast-page-background-meta":{"desktop":{"background-color":"var(--ast-global-color-4)","background-image":"","background-repeat":"repeat","background-position":"center center","background-size":"auto","background-attachment":"scroll","background-type":"","background-media":"","overlay-type":"","overlay-color":"","overlay-opacity":"","overlay-gradient":""},"tablet":{"background-color":"","background-image":"","background-repeat":"repeat","background-position":"center center","background-size":"auto","background-attachment":"scroll","background-type":"","background-media":"","overlay-type":"","overlay-color":"","overlay-opacity":"","overlay-gradient":""},"mobile":{"background-color":"","background-image":"","background-repeat":"repeat","background-position":"center center","background-size":"auto","background-attachment":"scroll","background-type":"","background-media":"","overlay-type":"","overlay-color":"","overlay-opacity":"","overlay-gradient":""}},"ast-content-background-meta":{"desktop":{"background-color":"var(--ast-global-color-5)","background-image":"","background-repeat":"repeat","background-position":"center center","background-size":"auto","background-attachment":"scroll","background-type":"","background-media":"","overlay-type":"","overlay-color":"","overlay-opacity":"","overlay-gradient":""},"tablet":{"background-color":"var(--ast-global-color-5)","background-image":"","background-repeat":"repeat","background-position":"center center","background-size":"auto","background-attachment":"scroll","background-type":"","background-media":"","overlay-type":"","overlay-color":"","overlay-opacity":"","overlay-gradient":""},"mobile":{"background-color":"var(--ast-global-color-5)","background-image":"","background-repeat":"repeat","background-position":"center center","background-size":"auto","background-attachment":"scroll","background-type":"","background-media":"","overlay-type":"","overlay-color":"","overlay-opacity":"","overlay-gradient":""}}},"product_brand":[],"product_cat":[19],"product_tag":[],"class_list":{"0":"post-601","1":"product","2":"type-product","3":"status-publish","4":"has-post-thumbnail","6":"product_cat-leather-covers","7":"desktop-align-left","8":"tablet-align-left","9":"mobile-align-left","11":"first","12":"instock","13":"shipping-taxable","14":"purchasable","15":"product-type-variable"},"jetpack_sharing_enabled":true,"_links":{"self":[{"href":"https:\/\/everjots.com\/fr\/wp-json\/wp\/v2\/product\/601","targetHints":{"allow":["GET"]}}],"collection":[{"href":"https:\/\/everjots.com\/fr\/wp-json\/wp\/v2\/product"}],"about":[{"href":"https:\/\/everjots.com\/fr\/wp-json\/wp\/v2\/types\/product"}],"replies":[{"embeddable":true,"href":"https:\/\/everjots.com\/fr\/wp-json\/wp\/v2\/comments?post=601"}],"wp:featuredmedia":[{"embeddable":true,"href":"https:\/\/everjots.com\/fr\/wp-json\/wp\/v2\/media\/735"}],"wp:attachment":[{"href":"https:\/\/everjots.com\/fr\/wp-json\/wp\/v2\/media?parent=601"}],"wp:term":[{"taxonomy":"product_brand","embeddable":true,"href":"https:\/\/everjots.com\/fr\/wp-json\/wp\/v2\/product_brand?post=601"},{"taxonomy":"product_cat","embeddable":true,"href":"https:\/\/everjots.com\/fr\/wp-json\/wp\/v2\/product_cat?post=601"},{"taxonomy":"product_tag","embeddable":true,"href":"https:\/\/everjots.com\/fr\/wp-json\/wp\/v2\/product_tag?post=601"}],"curies":[{"name":"wp","href":"https:\/\/api.w.org\/{rel}","templated":true}]}}