{"id":605,"date":"2025-08-20T17:00:07","date_gmt":"2025-08-20T17:00:07","guid":{"rendered":"https:\/\/everjots.com\/?post_type=product&#038;p=605"},"modified":"2025-11-25T11:08:55","modified_gmt":"2025-11-25T11:08:55","slug":"mini-notebook-refill","status":"publish","type":"product","link":"https:\/\/everjots.com\/fr\/shop-1\/mini-notebook-refill\/","title":{"rendered":"Recharge pour un mini-carnet"},"content":{"rendered":"<h2 data-start=\"167\" data-end=\"196\"><strong data-start=\"170\" data-end=\"194\">Mini-carnet<\/strong><\/h2>\n<p data-start=\"198\" data-end=\"489\">Que ce soit pour noter vos id\u00e9es, dessiner vos projets ou collectionner vos souvenirs, le mini-carnet EverJots est con\u00e7u pour vous accompagner partout. Avec son format de la taille d'un passeport, il se glisse facilement dans votre poche, votre sac ou votre \u00e9tui de voyage, toujours pr\u00eat \u00e0 l'emploi lorsque l'inspiration vous vient.<\/p>\n<h3 data-start=\"491\" data-end=\"508\">Caract\u00e9ristiques du produit :<\/h3>\n<ul data-start=\"509\" data-end=\"848\">\n<li data-start=\"509\" data-end=\"573\">\n<p data-start=\"511\" data-end=\"573\"><strong data-start=\"514\" data-end=\"525\">Format<\/strong> : 12,5 x 8,6 cm, tr\u00e8s facile \u00e0 emporter, de la m\u00eame taille qu'un passeport<\/p>\n<\/li>\n<li data-start=\"509\" data-end=\"573\">\n<p data-start=\"511\" data-end=\"573\"><strong data-start=\"579\" data-end=\"591\">76 pages:<\/strong> juste assez d'espace pour \u00eatre rempli sans donner une impression de volume<\/p>\n<\/li>\n<li data-start=\"644\" data-end=\"703\">\n<p data-start=\"646\" data-end=\"703\"><strong data-start=\"649\" data-end=\"669\">Papier cr\u00e8me 80 g<\/strong><\/p>\n<\/li>\n<li data-start=\"704\" data-end=\"780\">\n<p data-start=\"706\" data-end=\"780\"><strong data-start=\"709\" data-end=\"729\">lignes pointill\u00e9es de 6 mm<\/strong> : flexible pour \u00e9crire, dessiner ou organiser<\/p>\n<\/li>\n<li data-start=\"781\" data-end=\"848\">\n<p data-start=\"783\" data-end=\"848\"><strong data-start=\"786\" data-end=\"805\">Couverture rigide de 250 g<\/strong> : pour la durabilit\u00e9 et la protection<\/p>\n<\/li>\n<li data-start=\"781\" data-end=\"848\"><strong data-start=\"709\" data-end=\"729\">Reliure cousue : <\/strong>plus r\u00e9sistants et plus durables que les carnets coll\u00e9s<\/li>\n<\/ul>\n<p>&nbsp;<\/p>\n<p>&nbsp;<\/p>","protected":false},"excerpt":{"rendered":"<p>Votre carnet au format passeport pour noter vos id\u00e9es o\u00f9 que vous soyez : compact, robuste et toujours pr\u00eat \u00e0 l'emploi d\u00e8s que l'inspiration vous vient. Avec 76 pages de papier cr\u00e8me 80 g et une couverture rigide r\u00e9sistante<\/p>","protected":false},"featured_media":793,"comment_status":"open","ping_status":"closed","template":"","meta":{"site-sidebar-layout":"default","site-content-layout":"","ast-site-content-layout":"default","site-content-style":"default","site-sidebar-style":"default","ast-global-header-display":"","ast-banner-title-visibility":"","ast-main-header-display":"","ast-hfb-above-header-display":"","ast-hfb-below-header-display":"","ast-hfb-mobile-header-display":"","site-post-title":"","ast-breadcrumbs-content":"","ast-featured-img":"","footer-sml-layout":"","ast-disable-related-posts":"","theme-transparent-header-meta":"default","adv-header-id-meta":"","stick-header-meta":"","header-above-stick-meta":"","header-main-stick-meta":"","header-below-stick-meta":"","astra-migrate-meta-layouts":"set","ast-page-background-enabled":"default","ast-page-background-meta":{"desktop":{"background-color":"var(--ast-global-color-4)","background-image":"","background-repeat":"repeat","background-position":"center center","background-size":"auto","background-attachment":"scroll","background-type":"","background-media":"","overlay-type":"","overlay-color":"","overlay-opacity":"","overlay-gradient":""},"tablet":{"background-color":"","background-image":"","background-repeat":"repeat","background-position":"center center","background-size":"auto","background-attachment":"scroll","background-type":"","background-media":"","overlay-type":"","overlay-color":"","overlay-opacity":"","overlay-gradient":""},"mobile":{"background-color":"","background-image":"","background-repeat":"repeat","background-position":"center center","background-size":"auto","background-attachment":"scroll","background-type":"","background-media":"","overlay-type":"","overlay-color":"","overlay-opacity":"","overlay-gradient":""}},"ast-content-background-meta":{"desktop":{"background-color":"var(--ast-global-color-5)","background-image":"","background-repeat":"repeat","background-position":"center center","background-size":"auto","background-attachment":"scroll","background-type":"","background-media":"","overlay-type":"","overlay-color":"","overlay-opacity":"","overlay-gradient":""},"tablet":{"background-color":"var(--ast-global-color-5)","background-image":"","background-repeat":"repeat","background-position":"center center","background-size":"auto","background-attachment":"scroll","background-type":"","background-media":"","overlay-type":"","overlay-color":"","overlay-opacity":"","overlay-gradient":""},"mobile":{"background-color":"var(--ast-global-color-5)","background-image":"","background-repeat":"repeat","background-position":"center center","background-size":"auto","background-attachment":"scroll","background-type":"","background-media":"","overlay-type":"","overlay-color":"","overlay-opacity":"","overlay-gradient":""}}},"product_brand":[],"product_cat":[21],"product_tag":[],"class_list":{"0":"post-605","1":"product","2":"type-product","3":"status-publish","4":"has-post-thumbnail","6":"product_cat-refill","7":"desktop-align-left","8":"tablet-align-left","9":"mobile-align-left","11":"first","12":"instock","13":"shipping-taxable","14":"purchasable","15":"product-type-variable"},"jetpack_sharing_enabled":true,"_links":{"self":[{"href":"https:\/\/everjots.com\/fr\/wp-json\/wp\/v2\/product\/605","targetHints":{"allow":["GET"]}}],"collection":[{"href":"https:\/\/everjots.com\/fr\/wp-json\/wp\/v2\/product"}],"about":[{"href":"https:\/\/everjots.com\/fr\/wp-json\/wp\/v2\/types\/product"}],"replies":[{"embeddable":true,"href":"https:\/\/everjots.com\/fr\/wp-json\/wp\/v2\/comments?post=605"}],"wp:featuredmedia":[{"embeddable":true,"href":"https:\/\/everjots.com\/fr\/wp-json\/wp\/v2\/media\/793"}],"wp:attachment":[{"href":"https:\/\/everjots.com\/fr\/wp-json\/wp\/v2\/media?parent=605"}],"wp:term":[{"taxonomy":"product_brand","embeddable":true,"href":"https:\/\/everjots.com\/fr\/wp-json\/wp\/v2\/product_brand?post=605"},{"taxonomy":"product_cat","embeddable":true,"href":"https:\/\/everjots.com\/fr\/wp-json\/wp\/v2\/product_cat?post=605"},{"taxonomy":"product_tag","embeddable":true,"href":"https:\/\/everjots.com\/fr\/wp-json\/wp\/v2\/product_tag?post=605"}],"curies":[{"name":"wp","href":"https:\/\/api.w.org\/{rel}","templated":true}]}}