{"id":612,"date":"2025-08-20T17:26:28","date_gmt":"2025-08-20T17:26:28","guid":{"rendered":"https:\/\/everjots.com\/?post_type=product&#038;p=612"},"modified":"2025-09-29T09:58:27","modified_gmt":"2025-09-29T09:58:27","slug":"a5-notebook-refill","status":"publish","type":"product","link":"https:\/\/everjots.com\/fr\/shop-1\/a5-notebook-refill\/","title":{"rendered":"Recharge pour un carnet A5"},"content":{"rendered":"<h2 data-start=\"174\" data-end=\"199\">Carnet A5 de EVERJOTS<\/h2>\n<p data-start=\"201\" data-end=\"418\"><strong data-start=\"201\" data-end=\"276\">Consignez vos notes, pens\u00e9es, croquis et projets dans un carnet con\u00e7u pour durer.<\/strong><br data-start=\"276\" data-end=\"279\" \/>Le carnet A5 EverJots allie un style unique \u00e0 une grande fonctionnalit\u00e9 : il est id\u00e9al pour prendre des notes, tenir un journal, planifier ou laisser libre cours \u00e0 sa cr\u00e9ativit\u00e9.<\/p>\n<hr data-start=\"420\" data-end=\"423\" \/>\n<h3 data-start=\"425\" data-end=\"441\">Caract\u00e9ristiques du produit :<\/h3>\n<ul data-start=\"442\" data-end=\"780\">\n<li data-start=\"442\" data-end=\"484\">\n<p data-start=\"444\" data-end=\"484\"><strong data-start=\"447\" data-end=\"458\">Format A5<\/strong> \u2013<\/p>\n<\/li>\n<li data-start=\"485\" data-end=\"566\">\n<p data-start=\"487\" data-end=\"566\"><strong data-start=\"490\" data-end=\"502\">76 pages:<\/strong> : de papier cr\u00e9meux de 80 g, doux pour les yeux et lisse pour \u00e9crire<\/p>\n<\/li>\n<li data-start=\"485\" data-end=\"566\">\n<p data-start=\"487\" data-end=\"566\"><strong data-start=\"649\" data-end=\"669\">Papier cr\u00e8me 80 g<\/strong> : smooth, fountain-pen friendly<\/p>\n<\/li>\n<li data-start=\"485\" data-end=\"566\">\n<p data-start=\"487\" data-end=\"566\"><strong data-start=\"572\" data-end=\"591\">Couverture rigide de 250 g :<\/strong> pour la durabilit\u00e9 et la protection<\/p>\n<\/li>\n<li data-start=\"485\" data-end=\"566\">\n<p data-start=\"487\" data-end=\"566\"><strong data-start=\"629\" data-end=\"648\">Disposition en grille de points :<\/strong> (Espacement de 6 mm) pour des notes structur\u00e9es ou des id\u00e9es libres<\/p>\n<\/li>\n<li data-start=\"704\" data-end=\"780\">\n<p data-start=\"706\" data-end=\"780\"><strong data-start=\"709\" data-end=\"729\">Reliure cousue : <\/strong>plus r\u00e9sistants et plus durables que les carnets coll\u00e9s<\/p>\n<\/li>\n<\/ul>\n<hr data-start=\"782\" data-end=\"785\" \/>\n<h3 data-start=\"787\" data-end=\"804\">\u00a0Variantes<\/h3>\n<ul data-start=\"805\" data-end=\"921\">\n<li data-start=\"805\" data-end=\"862\">\n<p data-start=\"807\" data-end=\"862\"><strong data-start=\"807\" data-end=\"826\">un seule carnet<\/strong><\/p>\n<\/li>\n<li data-start=\"863\" data-end=\"921\">\n<p data-start=\"865\" data-end=\"921\"><strong data-start=\"865\" data-end=\"878\">Ensemble de 3<\/strong><\/p>\n<\/li>\n<\/ul>\n<hr data-start=\"923\" data-end=\"926\" \/>\n<h3 data-start=\"928\" data-end=\"955\">Pourquoi vous allez l'adorer<\/h3>\n<ul data-start=\"956\" data-end=\"1096\">\n<li data-start=\"956\" data-end=\"1008\">\n<p data-start=\"958\" data-end=\"1008\">Parfait pour tenir un journal intime, prendre des notes ou planifier<\/p>\n<\/li>\n<li data-start=\"1048\" data-end=\"1096\">\n<p data-start=\"1050\" data-end=\"1096\">Design minimaliste et fonctionnalit\u00e9 maximale<\/p>\n<\/li>\n<\/ul>\n<p>&nbsp;<\/p>","protected":false},"excerpt":{"rendered":"<p data-pm-slice=\"0 0 []\">Un carnet A5 \u00e0 grille de points, avec des pages couleur cr\u00e8me et une couverture rigide r\u00e9sistante. Le carnet id\u00e9al pour tous les jours, du bureau au poche: solide, spacieux et reli\u00e9 pour durer<\/p>","protected":false},"featured_media":783,"comment_status":"open","ping_status":"closed","template":"","meta":{"site-sidebar-layout":"default","site-content-layout":"","ast-site-content-layout":"default","site-content-style":"default","site-sidebar-style":"default","ast-global-header-display":"","ast-banner-title-visibility":"","ast-main-header-display":"","ast-hfb-above-header-display":"","ast-hfb-below-header-display":"","ast-hfb-mobile-header-display":"","site-post-title":"","ast-breadcrumbs-content":"","ast-featured-img":"","footer-sml-layout":"","ast-disable-related-posts":"","theme-transparent-header-meta":"default","adv-header-id-meta":"","stick-header-meta":"","header-above-stick-meta":"","header-main-stick-meta":"","header-below-stick-meta":"","astra-migrate-meta-layouts":"set","ast-page-background-enabled":"default","ast-page-background-meta":{"desktop":{"background-color":"var(--ast-global-color-4)","background-image":"","background-repeat":"repeat","background-position":"center center","background-size":"auto","background-attachment":"scroll","background-type":"","background-media":"","overlay-type":"","overlay-color":"","overlay-opacity":"","overlay-gradient":""},"tablet":{"background-color":"","background-image":"","background-repeat":"repeat","background-position":"center center","background-size":"auto","background-attachment":"scroll","background-type":"","background-media":"","overlay-type":"","overlay-color":"","overlay-opacity":"","overlay-gradient":""},"mobile":{"background-color":"","background-image":"","background-repeat":"repeat","background-position":"center center","background-size":"auto","background-attachment":"scroll","background-type":"","background-media":"","overlay-type":"","overlay-color":"","overlay-opacity":"","overlay-gradient":""}},"ast-content-background-meta":{"desktop":{"background-color":"var(--ast-global-color-5)","background-image":"","background-repeat":"repeat","background-position":"center center","background-size":"auto","background-attachment":"scroll","background-type":"","background-media":"","overlay-type":"","overlay-color":"","overlay-opacity":"","overlay-gradient":""},"tablet":{"background-color":"var(--ast-global-color-5)","background-image":"","background-repeat":"repeat","background-position":"center center","background-size":"auto","background-attachment":"scroll","background-type":"","background-media":"","overlay-type":"","overlay-color":"","overlay-opacity":"","overlay-gradient":""},"mobile":{"background-color":"var(--ast-global-color-5)","background-image":"","background-repeat":"repeat","background-position":"center center","background-size":"auto","background-attachment":"scroll","background-type":"","background-media":"","overlay-type":"","overlay-color":"","overlay-opacity":"","overlay-gradient":""}}},"product_brand":[],"product_cat":[21],"product_tag":[],"class_list":{"0":"post-612","1":"product","2":"type-product","3":"status-publish","4":"has-post-thumbnail","6":"product_cat-refill","7":"desktop-align-left","8":"tablet-align-left","9":"mobile-align-left","11":"first","12":"instock","13":"shipping-taxable","14":"purchasable","15":"product-type-variable"},"jetpack_sharing_enabled":true,"_links":{"self":[{"href":"https:\/\/everjots.com\/fr\/wp-json\/wp\/v2\/product\/612","targetHints":{"allow":["GET"]}}],"collection":[{"href":"https:\/\/everjots.com\/fr\/wp-json\/wp\/v2\/product"}],"about":[{"href":"https:\/\/everjots.com\/fr\/wp-json\/wp\/v2\/types\/product"}],"replies":[{"embeddable":true,"href":"https:\/\/everjots.com\/fr\/wp-json\/wp\/v2\/comments?post=612"}],"wp:featuredmedia":[{"embeddable":true,"href":"https:\/\/everjots.com\/fr\/wp-json\/wp\/v2\/media\/783"}],"wp:attachment":[{"href":"https:\/\/everjots.com\/fr\/wp-json\/wp\/v2\/media?parent=612"}],"wp:term":[{"taxonomy":"product_brand","embeddable":true,"href":"https:\/\/everjots.com\/fr\/wp-json\/wp\/v2\/product_brand?post=612"},{"taxonomy":"product_cat","embeddable":true,"href":"https:\/\/everjots.com\/fr\/wp-json\/wp\/v2\/product_cat?post=612"},{"taxonomy":"product_tag","embeddable":true,"href":"https:\/\/everjots.com\/fr\/wp-json\/wp\/v2\/product_tag?post=612"}],"curies":[{"name":"wp","href":"https:\/\/api.w.org\/{rel}","templated":true}]}}